{"id":46,"date":"2025-09-10T09:14:47","date_gmt":"2025-09-10T09:14:47","guid":{"rendered":"https:\/\/restaurant-souslestilleuls.fr\/?page_id=46"},"modified":"2025-10-17T06:50:46","modified_gmt":"2025-10-17T06:50:46","slug":"reservation-restaurant-perigueux","status":"publish","type":"page","link":"https:\/\/restaurant-souslestilleuls.fr\/en\/reservation-restaurant-perigueux\/","title":{"rendered":"Reservation restaurant P\u00e9rigueux"},"content":{"rendered":"<div class=\"wpcf7 no-js\" id=\"wpcf7-f45-o1\" lang=\"fr-FR\" dir=\"ltr\" data-wpcf7-id=\"45\">\n<div class=\"screen-reader-response\"><p role=\"status\" aria-live=\"polite\" aria-atomic=\"true\"><\/p> <ul><\/ul><\/div>\n<form action=\"\/en\/wp-json\/wp\/v2\/pages\/46#wpcf7-f45-o1\" method=\"post\" class=\"wpcf7-form init reservation-form\" aria-label=\"Formulaire de contact\" novalidate=\"novalidate\" data-status=\"init\" data-trp-original-action=\"\/en\/wp-json\/wp\/v2\/pages\/46#wpcf7-f45-o1\">\n<fieldset class=\"hidden-fields-container\"><input type=\"hidden\" name=\"_wpcf7\" value=\"45\" \/><input type=\"hidden\" name=\"_wpcf7_version\" value=\"6.1.5\" \/><input type=\"hidden\" name=\"_wpcf7_locale\" value=\"fr_FR\" \/><input type=\"hidden\" name=\"_wpcf7_unit_tag\" value=\"wpcf7-f45-o1\" \/><input type=\"hidden\" name=\"_wpcf7_container_post\" value=\"0\" \/><input type=\"hidden\" name=\"_wpcf7_posted_data_hash\" value=\"\" \/>\n<\/fieldset>\n<div class=\"reservation-form\">\n\n <!-- Nom \/ Pr\u00e9nom -->\n\t<div class=\"form-row\">\n\t\t<div class=\"form-col\">\n\t\t\t<p><label>Name *<\/label><br \/>\n<span class=\"wpcf7-form-control-wrap\" data-name=\"nom\"><input size=\"40\" maxlength=\"400\" class=\"wpcf7-form-control wpcf7-text wpcf7-validates-as-required\" aria-required=\"true\" aria-invalid=\"false\" placeholder=\"Your name\" value=\"\" type=\"text\" name=\"nom\" \/><\/span>\n\t\t\t<\/p>\n\t\t<\/div>\n\t\t<div class=\"form-col\">\n\t\t\t<p><label>First name *<\/label><br \/>\n<span class=\"wpcf7-form-control-wrap\" data-name=\"prenom\"><input size=\"40\" maxlength=\"400\" class=\"wpcf7-form-control wpcf7-text wpcf7-validates-as-required\" aria-required=\"true\" aria-invalid=\"false\" placeholder=\"Your first name\" value=\"\" type=\"text\" name=\"prenom\" \/><\/span>\n\t\t\t<\/p>\n\t\t<\/div>\n\t<\/div>\n\n <!-- Email \/ T\u00e9l\u00e9phone -->\n\t<div class=\"form-row\">\n\t\t<div class=\"form-col\">\n\t\t\t<p><label>Email *<\/label><br \/>\n<span class=\"wpcf7-form-control-wrap\" data-name=\"email\"><input size=\"40\" maxlength=\"400\" class=\"wpcf7-form-control wpcf7-email wpcf7-validates-as-required wpcf7-text wpcf7-validates-as-email\" aria-required=\"true\" aria-invalid=\"false\" placeholder=\"exemple@email.com\" value=\"\" type=\"email\" name=\"email\" \/><\/span>\n\t\t\t<\/p>\n\t\t<\/div>\n\t\t<div class=\"form-col\">\n\t\t\t<p><label>Telephone number<\/label><br \/>\n<span class=\"wpcf7-form-control-wrap\" data-name=\"telephone\"><input size=\"40\" maxlength=\"400\" class=\"wpcf7-form-control wpcf7-tel wpcf7-validates-as-required wpcf7-text wpcf7-validates-as-tel\" aria-required=\"true\" aria-invalid=\"false\" placeholder=\"06 12 34 56 78\" value=\"\" type=\"tel\" name=\"telephone\" \/><\/span>\n\t\t\t<\/p>\n\t\t<\/div>\n\t<\/div>\n\n <!-- Date \/ Heure -->\n\t<div class=\"form-row\">\n\t\t<div class=\"form-col\">\n\t\t\t<p><label>Reservation date *<\/label><br \/>\n<span class=\"wpcf7-form-control-wrap\" data-name=\"date-reservation\"><input class=\"wpcf7-form-control wpcf7-date wpcf7-validates-as-required wpcf7-validates-as-date datepicker\" min=\"2026-05-01\" aria-required=\"true\" aria-invalid=\"false\" value=\"\" type=\"date\" name=\"date-reservation\" \/><\/span>\n\t\t\t<\/p>\n\t\t<\/div>\n\t\t<div class=\"form-col\">\n\t\t\t<p><label>Reservation time *<\/label><br \/>\n<span class=\"wpcf7-form-control-wrap\" data-name=\"heure-reservation\"><input size=\"40\" maxlength=\"400\" class=\"wpcf7-form-control wpcf7-text wpcf7-validates-as-required\" aria-required=\"true\" aria-invalid=\"false\" placeholder=\"Ex: 19:30 or 20:30\" value=\"\" type=\"text\" name=\"heure-reservation\" \/><\/span>\n\t\t\t<\/p>\n\t\t<\/div>\n\t<\/div>\n\n <!-- Nombre de personnes -->\n\t<div class=\"form-row\">\n\t\t<div class=\"form-col\">\n\t\t\t<p><label>Number of people *<\/label><br \/>\n<span class=\"wpcf7-form-control-wrap\" data-name=\"nombre-personnes\"><input class=\"wpcf7-form-control wpcf7-number wpcf7-validates-as-required wpcf7-validates-as-number\" min=\"1\" max=\"20\" aria-required=\"true\" aria-invalid=\"false\" placeholder=\"Ex: 4\" value=\"\" type=\"number\" name=\"nombre-personnes\" \/><\/span>\n\t\t\t<\/p>\n\t\t<\/div>\n\t<\/div>\n\n <!-- Demande sp\u00e9ciale (pleine largeur) -->\n\t<div class=\"form-row\">\n\t\t<div class=\"form-col\">\n\t\t\t<p><label>Special request<\/label><br \/>\n<span class=\"wpcf7-form-control-wrap\" data-name=\"demande-speciale\"><textarea cols=\"40\" rows=\"10\" maxlength=\"2000\" class=\"wpcf7-form-control wpcf7-textarea\" aria-invalid=\"false\" placeholder=\"Ex: Allergies, terrace dining...\" name=\"demande-speciale\"><\/textarea><\/span>\n\t\t\t<\/p>\n\t\t<\/div>\n\t<\/div>\n\n <!-- Bouton -->\n\t<div class=\"submit-wrap\">\n\t\t<p><input class=\"wpcf7-form-control wpcf7-submit has-spinner\" type=\"submit\" value=\"Book\" \/>\n\t\t<\/p>\n\t<\/div>\n<\/div><p style=\"display: none !important;\" class=\"akismet-fields-container\" data-prefix=\"_wpcf7_ak_\"><label>\u0394<textarea name=\"_wpcf7_ak_hp_textarea\" cols=\"45\" rows=\"8\" maxlength=\"100\"><\/textarea><\/label><input type=\"hidden\" id=\"ak_js_1\" name=\"_wpcf7_ak_js\" value=\"44\"\/><script>document.getElementById( \"ak_js_1\" ).setAttribute( \"value\", ( new Date() ).getTime() );<\/script><\/p><input type='hidden' class='wpcf7-pum' value='{\"closepopup\":false,\"closedelay\":0,\"openpopup\":false,\"openpopup_id\":0}' \/><div class=\"wpcf7-response-output\" aria-hidden=\"true\"><\/div>\n<input type=\"hidden\" name=\"trp-form-language\" value=\"en\"\/><\/form>\n<\/div>","protected":false},"excerpt":{"rendered":"","protected":false},"author":1,"featured_media":0,"parent":0,"menu_order":0,"comment_status":"closed","ping_status":"closed","template":"","meta":{"footnotes":""},"class_list":["post-46","page","type-page","status-publish","hentry"],"yoast_head":"<!-- This site is optimized with the Yoast SEO plugin v27.2 - https:\/\/yoast.com\/product\/yoast-seo-wordpress\/ -->\n<title>R\u00e9servation restaurant P\u00e9rigueux -<\/title>\n<meta name=\"description\" content=\"R\u00e9servez votre table facilement chez Sous les Tilleuls. R\u00e9servation restaurant P\u00e9rigueux en ligne pour profiter de notre cuisine bistronomique.\" \/>\n<meta name=\"robots\" content=\"index, follow, max-snippet:-1, max-image-preview:large, max-video-preview:-1\" \/>\n<link rel=\"canonical\" href=\"https:\/\/restaurant-souslestilleuls.fr\/en\/reservation-restaurant-perigueux\/\" \/>\n<meta property=\"og:locale\" content=\"en_GB\" \/>\n<meta property=\"og:type\" content=\"article\" \/>\n<meta property=\"og:title\" content=\"R\u00e9servation restaurant P\u00e9rigueux -\" \/>\n<meta property=\"og:description\" content=\"R\u00e9servez votre table facilement chez Sous les Tilleuls. R\u00e9servation restaurant P\u00e9rigueux en ligne pour profiter de notre cuisine bistronomique.\" \/>\n<meta property=\"og:url\" content=\"https:\/\/restaurant-souslestilleuls.fr\/en\/reservation-restaurant-perigueux\/\" \/>\n<meta property=\"article:publisher\" content=\"https:\/\/www.facebook.com\/profile.php?id=61581475965360\" \/>\n<meta property=\"article:modified_time\" content=\"2025-10-17T06:50:46+00:00\" \/>\n<meta name=\"twitter:card\" content=\"summary_large_image\" \/>\n<meta name=\"twitter:label1\" content=\"Estimated reading time\" \/>\n\t<meta name=\"twitter:data1\" content=\"1 minute\" \/>\n<script type=\"application\/ld+json\" class=\"yoast-schema-graph\">{\"@context\":\"https:\/\/schema.org\",\"@graph\":[{\"@type\":\"WebPage\",\"@id\":\"https:\/\/restaurant-souslestilleuls.fr\/reservation-restaurant-perigueux\/\",\"url\":\"https:\/\/restaurant-souslestilleuls.fr\/reservation-restaurant-perigueux\/\",\"name\":\"R\u00e9servation restaurant P\u00e9rigueux -\",\"isPartOf\":{\"@id\":\"https:\/\/restaurant-souslestilleuls.fr\/#website\"},\"datePublished\":\"2025-09-10T09:14:47+00:00\",\"dateModified\":\"2025-10-17T06:50:46+00:00\",\"description\":\"R\u00e9servez votre table facilement chez Sous les Tilleuls. R\u00e9servation restaurant P\u00e9rigueux en ligne pour profiter de notre cuisine bistronomique.\",\"breadcrumb\":{\"@id\":\"https:\/\/restaurant-souslestilleuls.fr\/reservation-restaurant-perigueux\/#breadcrumb\"},\"inLanguage\":\"en-GB\",\"potentialAction\":[{\"@type\":\"ReadAction\",\"target\":[\"https:\/\/restaurant-souslestilleuls.fr\/reservation-restaurant-perigueux\/\"]}]},{\"@type\":\"BreadcrumbList\",\"@id\":\"https:\/\/restaurant-souslestilleuls.fr\/reservation-restaurant-perigueux\/#breadcrumb\",\"itemListElement\":[{\"@type\":\"ListItem\",\"position\":1,\"name\":\"Accueil\",\"item\":\"https:\/\/restaurant-souslestilleuls.fr\/\"},{\"@type\":\"ListItem\",\"position\":2,\"name\":\"R\u00e9servation restaurant P\u00e9rigueux\"}]},{\"@type\":\"WebSite\",\"@id\":\"https:\/\/restaurant-souslestilleuls.fr\/#website\",\"url\":\"https:\/\/restaurant-souslestilleuls.fr\/\",\"name\":\"Restaurant Sous les Tilleuls\",\"description\":\"La cuisine comme une balade sous les tilleuls\",\"publisher\":{\"@id\":\"https:\/\/restaurant-souslestilleuls.fr\/#organization\"},\"potentialAction\":[{\"@type\":\"SearchAction\",\"target\":{\"@type\":\"EntryPoint\",\"urlTemplate\":\"https:\/\/restaurant-souslestilleuls.fr\/?s={search_term_string}\"},\"query-input\":{\"@type\":\"PropertyValueSpecification\",\"valueRequired\":true,\"valueName\":\"search_term_string\"}}],\"inLanguage\":\"en-GB\"},{\"@type\":\"Organization\",\"@id\":\"https:\/\/restaurant-souslestilleuls.fr\/#organization\",\"name\":\"Sous les Tilleuls\",\"url\":\"https:\/\/restaurant-souslestilleuls.fr\/\",\"logo\":{\"@type\":\"ImageObject\",\"inLanguage\":\"en-GB\",\"@id\":\"https:\/\/restaurant-souslestilleuls.fr\/#\/schema\/logo\/image\/\",\"url\":\"https:\/\/restaurant-souslestilleuls.fr\/wp-content\/uploads\/2025\/10\/logo.jpg\",\"contentUrl\":\"https:\/\/restaurant-souslestilleuls.fr\/wp-content\/uploads\/2025\/10\/logo.jpg\",\"width\":819,\"height\":600,\"caption\":\"Sous les Tilleuls\"},\"image\":{\"@id\":\"https:\/\/restaurant-souslestilleuls.fr\/#\/schema\/logo\/image\/\"},\"sameAs\":[\"https:\/\/www.facebook.com\/profile.php?id=61581475965360\",\"https:\/\/www.instagram.com\/sous.lestilleuls\/\"]}]}<\/script>\n<!-- \/ Yoast SEO plugin. -->","yoast_head_json":{"title":"R\u00e9servation restaurant P\u00e9rigueux -","description":"R\u00e9servez votre table facilement chez Sous les Tilleuls. R\u00e9servation restaurant P\u00e9rigueux en ligne pour profiter de notre cuisine bistronomique.","robots":{"index":"index","follow":"follow","max-snippet":"max-snippet:-1","max-image-preview":"max-image-preview:large","max-video-preview":"max-video-preview:-1"},"canonical":"https:\/\/restaurant-souslestilleuls.fr\/en\/reservation-restaurant-perigueux\/","og_locale":"en_GB","og_type":"article","og_title":"R\u00e9servation restaurant P\u00e9rigueux -","og_description":"R\u00e9servez votre table facilement chez Sous les Tilleuls. R\u00e9servation restaurant P\u00e9rigueux en ligne pour profiter de notre cuisine bistronomique.","og_url":"https:\/\/restaurant-souslestilleuls.fr\/en\/reservation-restaurant-perigueux\/","article_publisher":"https:\/\/www.facebook.com\/profile.php?id=61581475965360","article_modified_time":"2025-10-17T06:50:46+00:00","twitter_card":"summary_large_image","twitter_misc":{"Estimated reading time":"1 minute"},"schema":{"@context":"https:\/\/schema.org","@graph":[{"@type":"WebPage","@id":"https:\/\/restaurant-souslestilleuls.fr\/reservation-restaurant-perigueux\/","url":"https:\/\/restaurant-souslestilleuls.fr\/reservation-restaurant-perigueux\/","name":"R\u00e9servation restaurant P\u00e9rigueux -","isPartOf":{"@id":"https:\/\/restaurant-souslestilleuls.fr\/#website"},"datePublished":"2025-09-10T09:14:47+00:00","dateModified":"2025-10-17T06:50:46+00:00","description":"R\u00e9servez votre table facilement chez Sous les Tilleuls. R\u00e9servation restaurant P\u00e9rigueux en ligne pour profiter de notre cuisine bistronomique.","breadcrumb":{"@id":"https:\/\/restaurant-souslestilleuls.fr\/reservation-restaurant-perigueux\/#breadcrumb"},"inLanguage":"en-GB","potentialAction":[{"@type":"ReadAction","target":["https:\/\/restaurant-souslestilleuls.fr\/reservation-restaurant-perigueux\/"]}]},{"@type":"BreadcrumbList","@id":"https:\/\/restaurant-souslestilleuls.fr\/reservation-restaurant-perigueux\/#breadcrumb","itemListElement":[{"@type":"ListItem","position":1,"name":"Accueil","item":"https:\/\/restaurant-souslestilleuls.fr\/"},{"@type":"ListItem","position":2,"name":"R\u00e9servation restaurant P\u00e9rigueux"}]},{"@type":"WebSite","@id":"https:\/\/restaurant-souslestilleuls.fr\/#website","url":"https:\/\/restaurant-souslestilleuls.fr\/","name":"Restaurant Sous les Tilleuls","description":"Cooking like a walk under the lime trees","publisher":{"@id":"https:\/\/restaurant-souslestilleuls.fr\/#organization"},"potentialAction":[{"@type":"SearchAction","target":{"@type":"EntryPoint","urlTemplate":"https:\/\/restaurant-souslestilleuls.fr\/?s={search_term_string}"},"query-input":{"@type":"PropertyValueSpecification","valueRequired":true,"valueName":"search_term_string"}}],"inLanguage":"en-GB"},{"@type":"Organization","@id":"https:\/\/restaurant-souslestilleuls.fr\/#organization","name":"Sous les Tilleuls","url":"https:\/\/restaurant-souslestilleuls.fr\/","logo":{"@type":"ImageObject","inLanguage":"en-GB","@id":"https:\/\/restaurant-souslestilleuls.fr\/#\/schema\/logo\/image\/","url":"https:\/\/restaurant-souslestilleuls.fr\/wp-content\/uploads\/2025\/10\/logo.jpg","contentUrl":"https:\/\/restaurant-souslestilleuls.fr\/wp-content\/uploads\/2025\/10\/logo.jpg","width":819,"height":600,"caption":"Sous les Tilleuls"},"image":{"@id":"https:\/\/restaurant-souslestilleuls.fr\/#\/schema\/logo\/image\/"},"sameAs":["https:\/\/www.facebook.com\/profile.php?id=61581475965360","https:\/\/www.instagram.com\/sous.lestilleuls\/"]}]}},"_hostinger_reach_plugin_has_subscription_block":false,"_hostinger_reach_plugin_is_elementor":false,"_links":{"self":[{"href":"https:\/\/restaurant-souslestilleuls.fr\/en\/wp-json\/wp\/v2\/pages\/46","targetHints":{"allow":["GET"]}}],"collection":[{"href":"https:\/\/restaurant-souslestilleuls.fr\/en\/wp-json\/wp\/v2\/pages"}],"about":[{"href":"https:\/\/restaurant-souslestilleuls.fr\/en\/wp-json\/wp\/v2\/types\/page"}],"author":[{"embeddable":true,"href":"https:\/\/restaurant-souslestilleuls.fr\/en\/wp-json\/wp\/v2\/users\/1"}],"replies":[{"embeddable":true,"href":"https:\/\/restaurant-souslestilleuls.fr\/en\/wp-json\/wp\/v2\/comments?post=46"}],"version-history":[{"count":8,"href":"https:\/\/restaurant-souslestilleuls.fr\/en\/wp-json\/wp\/v2\/pages\/46\/revisions"}],"predecessor-version":[{"id":342,"href":"https:\/\/restaurant-souslestilleuls.fr\/en\/wp-json\/wp\/v2\/pages\/46\/revisions\/342"}],"wp:attachment":[{"href":"https:\/\/restaurant-souslestilleuls.fr\/en\/wp-json\/wp\/v2\/media?parent=46"}],"curies":[{"name":"wp","href":"https:\/\/api.w.org\/{rel}","templated":true}]}}