{"id":292,"date":"2025-10-11T07:55:40","date_gmt":"2025-10-11T07:55:40","guid":{"rendered":"https:\/\/restaurant-souslestilleuls.fr\/?page_id=292"},"modified":"2026-02-06T12:37:54","modified_gmt":"2026-02-06T12:37:54","slug":"menu-semaine-perigueux","status":"publish","type":"page","link":"https:\/\/restaurant-souslestilleuls.fr\/en\/menu-semaine-perigueux\/","title":{"rendered":"Menu of the week P\u00e9rigueux"},"content":{"rendered":"<p>Welcome to <em>Sous les Tilleuls<\/em>, The bistrot bistronomique in the heart of P\u00e9rigueux. Discover our <strong>menu of the week<\/strong>, A menu that changes with the seasons, to tantalise your taste buds every time you visit.<\/p>\n\n\n\n<figure class=\"wp-block-image size-large\"><img loading=\"lazy\" decoding=\"async\" width=\"1024\" height=\"1024\" src=\"https:\/\/restaurant-souslestilleuls.fr\/wp-content\/uploads\/2025\/11\/Plan-de-travail-1-1024x1024.png\" alt=\"\" class=\"wp-image-442\" srcset=\"https:\/\/restaurant-souslestilleuls.fr\/wp-content\/uploads\/2025\/11\/Plan-de-travail-1-1024x1024.png 1024w, https:\/\/restaurant-souslestilleuls.fr\/wp-content\/uploads\/2025\/11\/Plan-de-travail-1-300x300.png 300w, https:\/\/restaurant-souslestilleuls.fr\/wp-content\/uploads\/2025\/11\/Plan-de-travail-1-150x150.png 150w, https:\/\/restaurant-souslestilleuls.fr\/wp-content\/uploads\/2025\/11\/Plan-de-travail-1-768x768.png 768w, https:\/\/restaurant-souslestilleuls.fr\/wp-content\/uploads\/2025\/11\/Plan-de-travail-1-12x12.png 12w, https:\/\/restaurant-souslestilleuls.fr\/wp-content\/uploads\/2025\/11\/Plan-de-travail-1.png 1080w\" sizes=\"auto, (max-width: 1024px) 100vw, 1024px\" \/><\/figure>\n\n\n\n<p class=\"has-text-align-center\">\ud83d\udc49 <a href=\"https:\/\/restaurant-souslestilleuls.fr\/en\/formulaire\/\">Book your table now and enjoy a delicious interlude under the lime trees.<\/a><\/p>","protected":false},"excerpt":{"rendered":"<p>Bienvenue chez Sous les Tilleuls, bistrot bistronomique au c\u0153ur de P\u00e9rigueux. D\u00e9couvrez notre menu de la semaine, \u00e9labor\u00e9 avec passion \u00e0 partir de produits frais &amp; locaux \u2014 une carte qui change selon la saison, pour \u00e9veiller vos papilles \u00e0 chaque visite \ud83d\udc49 R\u00e9servez votre table d\u00e8s maintenant et vivez une parenth\u00e8se d\u00e9licieuse sous les [&hellip;]<\/p>\n","protected":false},"author":1,"featured_media":0,"parent":0,"menu_order":0,"comment_status":"closed","ping_status":"closed","template":"","meta":{"footnotes":""},"class_list":["post-292","page","type-page","status-publish","hentry"],"yoast_head":"<!-- This site is optimized with the Yoast SEO plugin v27.2 - https:\/\/yoast.com\/product\/yoast-seo-wordpress\/ -->\n<title>Menu de la semaine P\u00e9rigueux -<\/title>\n<meta name=\"description\" content=\"D\u00e9couvrez le menu de la semaine de Sous les Tilleuls \u00e0 P\u00e9rigueux : une cuisine bistronomique, locale et de saison, \u00e9labor\u00e9e avec passion par notre chef.\" \/>\n<meta name=\"robots\" content=\"index, follow, max-snippet:-1, max-image-preview:large, max-video-preview:-1\" \/>\n<link rel=\"canonical\" href=\"https:\/\/restaurant-souslestilleuls.fr\/en\/menu-semaine-perigueux\/\" \/>\n<meta property=\"og:locale\" content=\"en_GB\" \/>\n<meta property=\"og:type\" content=\"article\" \/>\n<meta property=\"og:title\" content=\"Menu de la semaine P\u00e9rigueux -\" \/>\n<meta property=\"og:description\" content=\"D\u00e9couvrez le menu de la semaine de Sous les Tilleuls \u00e0 P\u00e9rigueux : une cuisine bistronomique, locale et de saison, \u00e9labor\u00e9e avec passion par notre chef.\" \/>\n<meta property=\"og:url\" content=\"https:\/\/restaurant-souslestilleuls.fr\/en\/menu-semaine-perigueux\/\" \/>\n<meta property=\"article:publisher\" content=\"https:\/\/www.facebook.com\/profile.php?id=61581475965360\" \/>\n<meta property=\"article:modified_time\" content=\"2026-02-06T12:37:54+00:00\" \/>\n<meta property=\"og:image\" content=\"https:\/\/restaurant-souslestilleuls.fr\/wp-content\/uploads\/2025\/11\/Plan-de-travail-1.png\" \/>\n\t<meta property=\"og:image:width\" content=\"1080\" \/>\n\t<meta property=\"og:image:height\" content=\"1080\" \/>\n\t<meta property=\"og:image:type\" content=\"image\/png\" \/>\n<meta name=\"twitter:card\" content=\"summary_large_image\" \/>\n<meta name=\"twitter:label1\" content=\"Estimated reading time\" \/>\n\t<meta name=\"twitter:data1\" content=\"1 minute\" \/>\n<script type=\"application\/ld+json\" class=\"yoast-schema-graph\">{\"@context\":\"https:\/\/schema.org\",\"@graph\":[{\"@type\":\"WebPage\",\"@id\":\"https:\/\/restaurant-souslestilleuls.fr\/menu-semaine-perigueux\/\",\"url\":\"https:\/\/restaurant-souslestilleuls.fr\/menu-semaine-perigueux\/\",\"name\":\"Menu de la semaine P\u00e9rigueux -\",\"isPartOf\":{\"@id\":\"https:\/\/restaurant-souslestilleuls.fr\/#website\"},\"primaryImageOfPage\":{\"@id\":\"https:\/\/restaurant-souslestilleuls.fr\/menu-semaine-perigueux\/#primaryimage\"},\"image\":{\"@id\":\"https:\/\/restaurant-souslestilleuls.fr\/menu-semaine-perigueux\/#primaryimage\"},\"thumbnailUrl\":\"https:\/\/restaurant-souslestilleuls.fr\/wp-content\/uploads\/2025\/11\/Plan-de-travail-1-1024x1024.png\",\"datePublished\":\"2025-10-11T07:55:40+00:00\",\"dateModified\":\"2026-02-06T12:37:54+00:00\",\"description\":\"D\u00e9couvrez le menu de la semaine de Sous les Tilleuls \u00e0 P\u00e9rigueux : une cuisine bistronomique, locale et de saison, \u00e9labor\u00e9e avec passion par notre chef.\",\"breadcrumb\":{\"@id\":\"https:\/\/restaurant-souslestilleuls.fr\/menu-semaine-perigueux\/#breadcrumb\"},\"inLanguage\":\"en-GB\",\"potentialAction\":[{\"@type\":\"ReadAction\",\"target\":[\"https:\/\/restaurant-souslestilleuls.fr\/menu-semaine-perigueux\/\"]}]},{\"@type\":\"ImageObject\",\"inLanguage\":\"en-GB\",\"@id\":\"https:\/\/restaurant-souslestilleuls.fr\/menu-semaine-perigueux\/#primaryimage\",\"url\":\"https:\/\/restaurant-souslestilleuls.fr\/wp-content\/uploads\/2025\/11\/Plan-de-travail-1-1024x1024.png\",\"contentUrl\":\"https:\/\/restaurant-souslestilleuls.fr\/wp-content\/uploads\/2025\/11\/Plan-de-travail-1-1024x1024.png\"},{\"@type\":\"BreadcrumbList\",\"@id\":\"https:\/\/restaurant-souslestilleuls.fr\/menu-semaine-perigueux\/#breadcrumb\",\"itemListElement\":[{\"@type\":\"ListItem\",\"position\":1,\"name\":\"Accueil\",\"item\":\"https:\/\/restaurant-souslestilleuls.fr\/\"},{\"@type\":\"ListItem\",\"position\":2,\"name\":\"Menu de la semaine P\u00e9rigueux\"}]},{\"@type\":\"WebSite\",\"@id\":\"https:\/\/restaurant-souslestilleuls.fr\/#website\",\"url\":\"https:\/\/restaurant-souslestilleuls.fr\/\",\"name\":\"Restaurant Sous les Tilleuls\",\"description\":\"La cuisine comme une balade sous les tilleuls\",\"publisher\":{\"@id\":\"https:\/\/restaurant-souslestilleuls.fr\/#organization\"},\"potentialAction\":[{\"@type\":\"SearchAction\",\"target\":{\"@type\":\"EntryPoint\",\"urlTemplate\":\"https:\/\/restaurant-souslestilleuls.fr\/?s={search_term_string}\"},\"query-input\":{\"@type\":\"PropertyValueSpecification\",\"valueRequired\":true,\"valueName\":\"search_term_string\"}}],\"inLanguage\":\"en-GB\"},{\"@type\":\"Organization\",\"@id\":\"https:\/\/restaurant-souslestilleuls.fr\/#organization\",\"name\":\"Sous les Tilleuls\",\"url\":\"https:\/\/restaurant-souslestilleuls.fr\/\",\"logo\":{\"@type\":\"ImageObject\",\"inLanguage\":\"en-GB\",\"@id\":\"https:\/\/restaurant-souslestilleuls.fr\/#\/schema\/logo\/image\/\",\"url\":\"https:\/\/restaurant-souslestilleuls.fr\/wp-content\/uploads\/2025\/10\/logo.jpg\",\"contentUrl\":\"https:\/\/restaurant-souslestilleuls.fr\/wp-content\/uploads\/2025\/10\/logo.jpg\",\"width\":819,\"height\":600,\"caption\":\"Sous les Tilleuls\"},\"image\":{\"@id\":\"https:\/\/restaurant-souslestilleuls.fr\/#\/schema\/logo\/image\/\"},\"sameAs\":[\"https:\/\/www.facebook.com\/profile.php?id=61581475965360\",\"https:\/\/www.instagram.com\/sous.lestilleuls\/\"]}]}<\/script>\n<!-- \/ Yoast SEO plugin. -->","yoast_head_json":{"title":"Menu de la semaine P\u00e9rigueux -","description":"D\u00e9couvrez le menu de la semaine de Sous les Tilleuls \u00e0 P\u00e9rigueux : une cuisine bistronomique, locale et de saison, \u00e9labor\u00e9e avec passion par notre chef.","robots":{"index":"index","follow":"follow","max-snippet":"max-snippet:-1","max-image-preview":"max-image-preview:large","max-video-preview":"max-video-preview:-1"},"canonical":"https:\/\/restaurant-souslestilleuls.fr\/en\/menu-semaine-perigueux\/","og_locale":"en_GB","og_type":"article","og_title":"Menu de la semaine P\u00e9rigueux -","og_description":"D\u00e9couvrez le menu de la semaine de Sous les Tilleuls \u00e0 P\u00e9rigueux : une cuisine bistronomique, locale et de saison, \u00e9labor\u00e9e avec passion par notre chef.","og_url":"https:\/\/restaurant-souslestilleuls.fr\/en\/menu-semaine-perigueux\/","article_publisher":"https:\/\/www.facebook.com\/profile.php?id=61581475965360","article_modified_time":"2026-02-06T12:37:54+00:00","og_image":[{"width":1080,"height":1080,"url":"https:\/\/restaurant-souslestilleuls.fr\/wp-content\/uploads\/2025\/11\/Plan-de-travail-1.png","type":"image\/png"}],"twitter_card":"summary_large_image","twitter_misc":{"Estimated reading time":"1 minute"},"schema":{"@context":"https:\/\/schema.org","@graph":[{"@type":"WebPage","@id":"https:\/\/restaurant-souslestilleuls.fr\/menu-semaine-perigueux\/","url":"https:\/\/restaurant-souslestilleuls.fr\/menu-semaine-perigueux\/","name":"Menu de la semaine P\u00e9rigueux -","isPartOf":{"@id":"https:\/\/restaurant-souslestilleuls.fr\/#website"},"primaryImageOfPage":{"@id":"https:\/\/restaurant-souslestilleuls.fr\/menu-semaine-perigueux\/#primaryimage"},"image":{"@id":"https:\/\/restaurant-souslestilleuls.fr\/menu-semaine-perigueux\/#primaryimage"},"thumbnailUrl":"https:\/\/restaurant-souslestilleuls.fr\/wp-content\/uploads\/2025\/11\/Plan-de-travail-1-1024x1024.png","datePublished":"2025-10-11T07:55:40+00:00","dateModified":"2026-02-06T12:37:54+00:00","description":"D\u00e9couvrez le menu de la semaine de Sous les Tilleuls \u00e0 P\u00e9rigueux : une cuisine bistronomique, locale et de saison, \u00e9labor\u00e9e avec passion par notre chef.","breadcrumb":{"@id":"https:\/\/restaurant-souslestilleuls.fr\/menu-semaine-perigueux\/#breadcrumb"},"inLanguage":"en-GB","potentialAction":[{"@type":"ReadAction","target":["https:\/\/restaurant-souslestilleuls.fr\/menu-semaine-perigueux\/"]}]},{"@type":"ImageObject","inLanguage":"en-GB","@id":"https:\/\/restaurant-souslestilleuls.fr\/menu-semaine-perigueux\/#primaryimage","url":"https:\/\/restaurant-souslestilleuls.fr\/wp-content\/uploads\/2025\/11\/Plan-de-travail-1-1024x1024.png","contentUrl":"https:\/\/restaurant-souslestilleuls.fr\/wp-content\/uploads\/2025\/11\/Plan-de-travail-1-1024x1024.png"},{"@type":"BreadcrumbList","@id":"https:\/\/restaurant-souslestilleuls.fr\/menu-semaine-perigueux\/#breadcrumb","itemListElement":[{"@type":"ListItem","position":1,"name":"Accueil","item":"https:\/\/restaurant-souslestilleuls.fr\/"},{"@type":"ListItem","position":2,"name":"Menu de la semaine P\u00e9rigueux"}]},{"@type":"WebSite","@id":"https:\/\/restaurant-souslestilleuls.fr\/#website","url":"https:\/\/restaurant-souslestilleuls.fr\/","name":"Restaurant Sous les Tilleuls","description":"Cooking like a walk under the lime trees","publisher":{"@id":"https:\/\/restaurant-souslestilleuls.fr\/#organization"},"potentialAction":[{"@type":"SearchAction","target":{"@type":"EntryPoint","urlTemplate":"https:\/\/restaurant-souslestilleuls.fr\/?s={search_term_string}"},"query-input":{"@type":"PropertyValueSpecification","valueRequired":true,"valueName":"search_term_string"}}],"inLanguage":"en-GB"},{"@type":"Organization","@id":"https:\/\/restaurant-souslestilleuls.fr\/#organization","name":"Sous les Tilleuls","url":"https:\/\/restaurant-souslestilleuls.fr\/","logo":{"@type":"ImageObject","inLanguage":"en-GB","@id":"https:\/\/restaurant-souslestilleuls.fr\/#\/schema\/logo\/image\/","url":"https:\/\/restaurant-souslestilleuls.fr\/wp-content\/uploads\/2025\/10\/logo.jpg","contentUrl":"https:\/\/restaurant-souslestilleuls.fr\/wp-content\/uploads\/2025\/10\/logo.jpg","width":819,"height":600,"caption":"Sous les Tilleuls"},"image":{"@id":"https:\/\/restaurant-souslestilleuls.fr\/#\/schema\/logo\/image\/"},"sameAs":["https:\/\/www.facebook.com\/profile.php?id=61581475965360","https:\/\/www.instagram.com\/sous.lestilleuls\/"]}]}},"_hostinger_reach_plugin_has_subscription_block":false,"_hostinger_reach_plugin_is_elementor":false,"_links":{"self":[{"href":"https:\/\/restaurant-souslestilleuls.fr\/en\/wp-json\/wp\/v2\/pages\/292","targetHints":{"allow":["GET"]}}],"collection":[{"href":"https:\/\/restaurant-souslestilleuls.fr\/en\/wp-json\/wp\/v2\/pages"}],"about":[{"href":"https:\/\/restaurant-souslestilleuls.fr\/en\/wp-json\/wp\/v2\/types\/page"}],"author":[{"embeddable":true,"href":"https:\/\/restaurant-souslestilleuls.fr\/en\/wp-json\/wp\/v2\/users\/1"}],"replies":[{"embeddable":true,"href":"https:\/\/restaurant-souslestilleuls.fr\/en\/wp-json\/wp\/v2\/comments?post=292"}],"version-history":[{"count":12,"href":"https:\/\/restaurant-souslestilleuls.fr\/en\/wp-json\/wp\/v2\/pages\/292\/revisions"}],"predecessor-version":[{"id":444,"href":"https:\/\/restaurant-souslestilleuls.fr\/en\/wp-json\/wp\/v2\/pages\/292\/revisions\/444"}],"wp:attachment":[{"href":"https:\/\/restaurant-souslestilleuls.fr\/en\/wp-json\/wp\/v2\/media?parent=292"}],"curies":[{"name":"wp","href":"https:\/\/api.w.org\/{rel}","templated":true}]}}