{"id":17,"date":"2025-09-09T14:56:17","date_gmt":"2025-09-09T14:56:17","guid":{"rendered":"https:\/\/restaurant-souslestilleuls.fr\/about\/"},"modified":"2025-10-17T06:58:06","modified_gmt":"2025-10-17T06:58:06","slug":"a-propos-restaurant-perigueux","status":"publish","type":"page","link":"https:\/\/restaurant-souslestilleuls.fr\/en\/a-propos-restaurant-perigueux\/","title":{"rendered":"About restaurant P\u00e9rigueux"},"content":{"rendered":"<div class=\"wp-block-group alignfull hostinger-ai-about-us-3 hostinger-ai-fade-up has-global-padding is-layout-constrained wp-block-group-is-layout-constrained\" data-aos=\"fade-up\">\n<div class=\"wp-block-group alignwide hostinger-ai-fade-up is-layout-grid wp-container-core-group-is-layout-422a8eaf wp-block-group-is-layout-grid\" data-aos=\"fade-up\" style=\"padding-top:var(--wp--preset--spacing--60);padding-right:0;padding-bottom:var(--wp--preset--spacing--60);padding-left:0\">\n<div class=\"wp-block-group hostinger-ai-fade-up wp-container-content-5e2576f9 is-vertical is-content-justification-left is-nowrap is-layout-flex wp-container-core-group-is-layout-f26a4d82 wp-block-group-is-layout-flex\" data-aos=\"fade-up\" style=\"padding-right:var(--wp--preset--spacing--60);padding-left:0\">\n<h2 class=\"wp-block-heading hostinger-ai-description has-light-color has-text-color has-link-color has-large-font-size wp-elements-3d2c94c597bffbbe4863a8a8f5352dc6\">Welcome to Sous les Tilleuls in P\u00e9rigueux<\/h2>\n\n\n\n<div style=\"height:0px\" aria-hidden=\"true\" class=\"wp-block-spacer wp-container-content-b0b89ccb\"><\/div>\n\n\n\n<p>Welcome to the <strong>About the Sous les Tilleuls restaurant in P\u00e9rigueux<\/strong>, where we share our history, our philosophy and our passion for bistronomic cuisine. <strong>So<\/strong>, You'll discover what makes our restaurant unique and welcoming.<\/p>\n\n\n\n<div style=\"height:0px\" aria-hidden=\"true\" class=\"wp-block-spacer wp-container-content-1ac3d91d\"><\/div>\n\n\n\n<h3 class=\"wp-block-heading\">Chef Charlotte Desbonnets<\/h3>\n\n\n\n<div style=\"height:0px\" aria-hidden=\"true\" class=\"wp-block-spacer wp-container-content-b0b89ccb\"><\/div>\n\n\n\n<p>Born in Dunkirk, Charlotte Desbonnets discovered the pleasure of cooking at an early age. Between the generosity of family tables and the richness of the products of the North Sea, she developed a taste for simplicity and authentic flavours.<\/p>\n\n\n\n<p><strong>Then<\/strong>, Guided by this passion, she trained at the Maison de Marc Meurin. <strong>Here<\/strong>, She learnt the demands of great kitchens: respect for the product, precision of gesture and elegance on the plate. <strong>Indeed<\/strong>, This stage nurtures his creativity and his desire to carve out his own path.<\/p>\n\n\n\n<div style=\"height:0px\" aria-hidden=\"true\" class=\"wp-block-spacer wp-container-content-1ac3d91d\"><\/div>\n\n\n\n<h3 class=\"wp-block-heading\">Modern cuisine with a strong local flavour<\/h3>\n\n\n\n<div style=\"height:0px\" aria-hidden=\"true\" class=\"wp-block-spacer wp-container-content-b0b89ccb\"><\/div>\n\n\n\n<p>With Sous les Tilleuls, our <strong>restaurant in P\u00e9rigueux<\/strong> now offers his own personal cuisine. It is both modern and faithful to the land. <strong>In addition<\/strong>, The dishes tell the story of Charlotte's career: the rigour of Michelin-starred establishments, the freshness of her maritime roots and the freedom of a chef who likes to surprise without betraying the product.<\/p>\n\n\n\n<p>Here, the menus evolve according to the seasons and what's picked. <strong>Therefore<\/strong>, We favour short circuits and local producers. Each dish is an invitation to share a sincere, warm and refined moment.<\/p>\n\n\n\n<div style=\"height:0px\" aria-hidden=\"true\" class=\"wp-block-spacer wp-container-content-1ac3d91d\"><\/div>\n\n\n\n<h3 class=\"wp-block-heading\">A family team at the heart of the restaurant<\/h3>\n\n\n\n<div style=\"height:0px\" aria-hidden=\"true\" class=\"wp-block-spacer wp-container-content-b0b89ccb\"><\/div>\n\n\n\n<p>Behind the chef, her father is the co-founder and driving force behind the <strong>restaurant in P\u00e9rigueux<\/strong>. <strong>Thanks to<\/strong> his expertise and vision, he oversees menu creation and day-to-day organisation. <strong>So<\/strong>, It ensures consistent quality while giving the kitchen freedom.<\/p>\n\n\n\n<p>The brother in the room embodies hospitality. <strong>So<\/strong>, He makes sure that every customer feels at home. <strong>In addition<\/strong>, The mother-in-law adds her own unique touch to the desserts. <strong>Indeed<\/strong>, together, they make our <strong>restaurant in P\u00e9rigueux<\/strong> a place where passion, rigour and conviviality come together.<\/p>\n\n\n\n<div style=\"height:0px\" aria-hidden=\"true\" class=\"wp-block-spacer wp-container-content-1ac3d91d\"><\/div>\n\n\n\n<h3 class=\"wp-block-heading\">Discover our world<\/h3>\n\n\n\n<div style=\"height:0px\" aria-hidden=\"true\" class=\"wp-block-spacer wp-container-content-b0b89ccb\"><\/div>\n\n\n\n<p class=\"hostinger-ai-description has-light-color has-text-color has-link-color has-medium-font-size wp-elements-1cdb7cfbf4b975231ae2faa44562f90a\" style=\"margin-top:0;margin-bottom:var(--wp--preset--spacing--50)\">To find out more about our team and our world, explore our page <strong>About the restaurant in P\u00e9rigueux<\/strong> and immerse yourself in the history of Sous les Tilleuls. <strong>Finally<\/strong>, You'll understand why every detail counts in our culinary approach.<\/p>\n<\/div>\n\n\n\n<div class=\"wp-block-group hostinger-ai-fade-up is-layout-grid wp-container-core-group-is-layout-478b6e6b wp-block-group-is-layout-grid\" data-aos=\"fade-up\">\n<figure class=\"wp-block-image size-full has-custom-border hostinger-ai-image hostinger-index-4 wp-container-content-69bc4bdf\"><img loading=\"lazy\" decoding=\"async\" width=\"819\" height=\"600\" src=\"https:\/\/restaurant-souslestilleuls.fr\/wp-content\/uploads\/2025\/10\/logo.jpg\" alt=\"\" class=\"wp-image-266\" style=\"border-radius:20px;aspect-ratio:2\/3;object-fit:cover\" srcset=\"https:\/\/restaurant-souslestilleuls.fr\/wp-content\/uploads\/2025\/10\/logo.jpg 819w, https:\/\/restaurant-souslestilleuls.fr\/wp-content\/uploads\/2025\/10\/logo-300x220.jpg 300w, https:\/\/restaurant-souslestilleuls.fr\/wp-content\/uploads\/2025\/10\/logo-768x563.jpg 768w\" sizes=\"auto, (max-width: 819px) 100vw, 819px\" \/><\/figure>\n<\/div>\n<\/div>\n<\/div>\n\n\n\n<div class=\"wp-block-group alignwide hostinger-ai-fade-up has-global-padding is-layout-constrained wp-block-group-is-layout-constrained\" data-aos=\"fade-up\" style=\"padding-top:0;padding-bottom:0\">\n<div class=\"wp-block-group alignwide hostinger-ai-fade-up has-global-padding is-content-justification-left is-layout-constrained wp-container-core-group-is-layout-12dd3699 wp-block-group-is-layout-constrained\" data-aos=\"fade-up\">\n<h2 class=\"wp-block-heading has-text-align-left hostinger-ai-title has-dark-color has-text-color has-link-color has-x-large-font-size wp-elements-46eabf77992185ee8de57c36114e3a87\" style=\"margin-top:0;margin-right:0;margin-bottom:var(--wp--preset--spacing--40);margin-left:0\"><mark style=\"background-color:rgba(0, 0, 0, 0)\" class=\"has-inline-color has-light-color\">Address<\/mark><\/h2>\n\n\n\n<p class=\"has-text-align-left hostinger-ai-description has-medium-font-size\" style=\"margin-bottom:var(--wp--preset--spacing--40)\"><mark style=\"background-color:rgba(0, 0, 0, 0)\" class=\"has-inline-color has-light-color\">Nestling on the charming Place de la Vertu, our restaurant combines authenticity and elegance.<\/mark><\/p>\n\n\n\n<div class=\"wp-block-columns alignwide is-layout-flex wp-container-core-columns-is-layout-03da1933 wp-block-columns-is-layout-flex\" style=\"margin-top:0;margin-bottom:0;padding-bottom:var(--wp--preset--spacing--40)\">\n<div class=\"wp-block-column is-layout-flow wp-block-column-is-layout-flow\">\n<p class=\"has-medium-font-size\" style=\"margin-top:var(--wp--preset--spacing--20)\"><mark style=\"background-color:rgba(0, 0, 0, 0)\" class=\"has-inline-color has-light-color\">4 Rue Juda\u00efque, 24000 P\u00e9rigueux<\/mark><\/p>\n\n\n\n<p class=\"hostinger-ai-title hostinger-index-2 hostinger-ai-font-bold has-dark-color has-text-color has-link-color has-medium-font-size wp-elements-c86a745e5b76cf8a95fd768ee633279a\"><strong><mark style=\"background-color:rgba(0, 0, 0, 0)\" class=\"has-inline-color has-light-color\">Tuesday to Saturday <\/mark><\/strong><\/p>\n\n\n\n<p class=\"has-dark-color has-text-color has-link-color has-medium-font-size wp-elements-e915f3eba9bb0a9ee0383283c1d19e5e\" style=\"margin-top:var(--wp--preset--spacing--20)\"><mark style=\"background-color:rgba(0, 0, 0, 0)\" class=\"has-inline-color has-light-color\">12:00-14:00 and 19:00-22:00<\/mark><\/p>\n\n\n\n<p class=\"hostinger-ai-title hostinger-index-1 hostinger-ai-font-bold has-dark-color has-text-color has-link-color has-medium-font-size wp-elements-b7c8d3985a50e138d85aeb8510a05cb2\"><\/p>\n<\/div>\n\n\n\n<div class=\"wp-block-column is-layout-flow wp-block-column-is-layout-flow\">\n<p><\/p>\n<\/div>\n<\/div>\n\n\n\n<div class=\"wp-block-group alignfull hostinger-ai-fade-up is-layout-flow wp-block-group-is-layout-flow\" data-aos=\"fade-up\">\n<iframe src=\"https:\/\/www.google.com\/maps\/embed?pb=!1m18!1m12!1m3!1d2812.099094724582!2d0.7207760773581663!3d45.18509025201657!2m3!1f0!2f0!3f0!3m2!1i1024!2i768!4f13.1!3m3!1m2!1s0x47ff71ec3dc2e535%3A0x42fa0bcd7aa8e0cd!2sSous%20les%20tilleuls!5e0!3m2!1sen!2sfr!4v1757493889106!5m2!1sen!2sfr\" height=\"450\" style=\"width: 100%; min-width: 100%; border:0;\" allowfullscreen=\"\" loading=\"lazy\" referrerpolicy=\"no-referrer-when-downgrade\"><\/iframe>\n<\/div>\n<\/div>\n<\/div>","protected":false},"excerpt":{"rendered":"<p>Bienvenue chez Sous les Tilleuls \u00e0 P\u00e9rigueux Bienvenue sur la page \u00c0 propos du restaurant Sous les Tilleuls \u00e0 P\u00e9rigueux, o\u00f9 nous partageons notre histoire, notre philosophie et notre passion pour la cuisine bistronomique. Ainsi, vous d\u00e9couvrirez ce qui rend notre restaurant unique et chaleureux. La cheffe Charlotte Desbonnets N\u00e9e \u00e0 Dunkerque, Charlotte Desbonnets d\u00e9couvre [&hellip;]<\/p>\n","protected":false},"author":1,"featured_media":0,"parent":0,"menu_order":5,"comment_status":"closed","ping_status":"closed","template":"","meta":{"footnotes":""},"class_list":["post-17","page","type-page","status-publish","hentry"],"yoast_head":"<!-- This site is optimized with the Yoast SEO plugin v27.2 - https:\/\/yoast.com\/product\/yoast-seo-wordpress\/ -->\n<title>A propos restaurant P\u00e9rigueux -<\/title>\n<meta name=\"description\" content=\"D\u00e9couvrez l\u2019histoire et l\u2019\u00e9quipe de Sous les Tilleuls \u00e0 P\u00e9rigueux. \u00c0 propos restaurant P\u00e9rigueux : passion, cuisine bistronomique et accueil chaleureux.\" \/>\n<meta name=\"robots\" content=\"index, follow, max-snippet:-1, max-image-preview:large, max-video-preview:-1\" \/>\n<link rel=\"canonical\" href=\"https:\/\/restaurant-souslestilleuls.fr\/en\/a-propos-restaurant-perigueux\/\" \/>\n<meta property=\"og:locale\" content=\"en_GB\" \/>\n<meta property=\"og:type\" content=\"article\" \/>\n<meta property=\"og:title\" content=\"A propos restaurant P\u00e9rigueux -\" \/>\n<meta property=\"og:description\" content=\"D\u00e9couvrez l\u2019histoire et l\u2019\u00e9quipe de Sous les Tilleuls \u00e0 P\u00e9rigueux. \u00c0 propos restaurant P\u00e9rigueux : passion, cuisine bistronomique et accueil chaleureux.\" \/>\n<meta property=\"og:url\" content=\"https:\/\/restaurant-souslestilleuls.fr\/en\/a-propos-restaurant-perigueux\/\" \/>\n<meta property=\"article:publisher\" content=\"https:\/\/www.facebook.com\/profile.php?id=61581475965360\" \/>\n<meta property=\"article:modified_time\" content=\"2025-10-17T06:58:06+00:00\" \/>\n<meta property=\"og:image\" content=\"https:\/\/restaurant-souslestilleuls.fr\/wp-content\/uploads\/2025\/10\/logo.jpg\" \/>\n\t<meta property=\"og:image:width\" content=\"819\" \/>\n\t<meta property=\"og:image:height\" content=\"600\" \/>\n\t<meta property=\"og:image:type\" content=\"image\/jpeg\" \/>\n<meta name=\"twitter:card\" content=\"summary_large_image\" \/>\n<meta name=\"twitter:label1\" content=\"Estimated reading time\" \/>\n\t<meta name=\"twitter:data1\" content=\"3 minutes\" \/>\n<script type=\"application\/ld+json\" class=\"yoast-schema-graph\">{\"@context\":\"https:\/\/schema.org\",\"@graph\":[{\"@type\":\"WebPage\",\"@id\":\"https:\/\/restaurant-souslestilleuls.fr\/a-propos-restaurant-perigueux\/\",\"url\":\"https:\/\/restaurant-souslestilleuls.fr\/a-propos-restaurant-perigueux\/\",\"name\":\"A propos restaurant P\u00e9rigueux -\",\"isPartOf\":{\"@id\":\"https:\/\/restaurant-souslestilleuls.fr\/#website\"},\"primaryImageOfPage\":{\"@id\":\"https:\/\/restaurant-souslestilleuls.fr\/a-propos-restaurant-perigueux\/#primaryimage\"},\"image\":{\"@id\":\"https:\/\/restaurant-souslestilleuls.fr\/a-propos-restaurant-perigueux\/#primaryimage\"},\"thumbnailUrl\":\"https:\/\/restaurant-souslestilleuls.fr\/wp-content\/uploads\/2025\/10\/logo.jpg\",\"datePublished\":\"2025-09-09T14:56:17+00:00\",\"dateModified\":\"2025-10-17T06:58:06+00:00\",\"description\":\"D\u00e9couvrez l\u2019histoire et l\u2019\u00e9quipe de Sous les Tilleuls \u00e0 P\u00e9rigueux. \u00c0 propos restaurant P\u00e9rigueux : passion, cuisine bistronomique et accueil chaleureux.\",\"breadcrumb\":{\"@id\":\"https:\/\/restaurant-souslestilleuls.fr\/a-propos-restaurant-perigueux\/#breadcrumb\"},\"inLanguage\":\"en-GB\",\"potentialAction\":[{\"@type\":\"ReadAction\",\"target\":[\"https:\/\/restaurant-souslestilleuls.fr\/a-propos-restaurant-perigueux\/\"]}]},{\"@type\":\"ImageObject\",\"inLanguage\":\"en-GB\",\"@id\":\"https:\/\/restaurant-souslestilleuls.fr\/a-propos-restaurant-perigueux\/#primaryimage\",\"url\":\"https:\/\/restaurant-souslestilleuls.fr\/wp-content\/uploads\/2025\/10\/logo.jpg\",\"contentUrl\":\"https:\/\/restaurant-souslestilleuls.fr\/wp-content\/uploads\/2025\/10\/logo.jpg\"},{\"@type\":\"BreadcrumbList\",\"@id\":\"https:\/\/restaurant-souslestilleuls.fr\/a-propos-restaurant-perigueux\/#breadcrumb\",\"itemListElement\":[{\"@type\":\"ListItem\",\"position\":1,\"name\":\"Accueil\",\"item\":\"https:\/\/restaurant-souslestilleuls.fr\/\"},{\"@type\":\"ListItem\",\"position\":2,\"name\":\"A propos restaurant P\u00e9rigueux\"}]},{\"@type\":\"WebSite\",\"@id\":\"https:\/\/restaurant-souslestilleuls.fr\/#website\",\"url\":\"https:\/\/restaurant-souslestilleuls.fr\/\",\"name\":\"Restaurant Sous les Tilleuls\",\"description\":\"La cuisine comme une balade sous les tilleuls\",\"publisher\":{\"@id\":\"https:\/\/restaurant-souslestilleuls.fr\/#organization\"},\"potentialAction\":[{\"@type\":\"SearchAction\",\"target\":{\"@type\":\"EntryPoint\",\"urlTemplate\":\"https:\/\/restaurant-souslestilleuls.fr\/?s={search_term_string}\"},\"query-input\":{\"@type\":\"PropertyValueSpecification\",\"valueRequired\":true,\"valueName\":\"search_term_string\"}}],\"inLanguage\":\"en-GB\"},{\"@type\":\"Organization\",\"@id\":\"https:\/\/restaurant-souslestilleuls.fr\/#organization\",\"name\":\"Sous les Tilleuls\",\"url\":\"https:\/\/restaurant-souslestilleuls.fr\/\",\"logo\":{\"@type\":\"ImageObject\",\"inLanguage\":\"en-GB\",\"@id\":\"https:\/\/restaurant-souslestilleuls.fr\/#\/schema\/logo\/image\/\",\"url\":\"https:\/\/restaurant-souslestilleuls.fr\/wp-content\/uploads\/2025\/10\/logo.jpg\",\"contentUrl\":\"https:\/\/restaurant-souslestilleuls.fr\/wp-content\/uploads\/2025\/10\/logo.jpg\",\"width\":819,\"height\":600,\"caption\":\"Sous les Tilleuls\"},\"image\":{\"@id\":\"https:\/\/restaurant-souslestilleuls.fr\/#\/schema\/logo\/image\/\"},\"sameAs\":[\"https:\/\/www.facebook.com\/profile.php?id=61581475965360\",\"https:\/\/www.instagram.com\/sous.lestilleuls\/\"]}]}<\/script>\n<!-- \/ Yoast SEO plugin. -->","yoast_head_json":{"title":"A propos restaurant P\u00e9rigueux -","description":"D\u00e9couvrez l\u2019histoire et l\u2019\u00e9quipe de Sous les Tilleuls \u00e0 P\u00e9rigueux. \u00c0 propos restaurant P\u00e9rigueux : passion, cuisine bistronomique et accueil chaleureux.","robots":{"index":"index","follow":"follow","max-snippet":"max-snippet:-1","max-image-preview":"max-image-preview:large","max-video-preview":"max-video-preview:-1"},"canonical":"https:\/\/restaurant-souslestilleuls.fr\/en\/a-propos-restaurant-perigueux\/","og_locale":"en_GB","og_type":"article","og_title":"A propos restaurant P\u00e9rigueux -","og_description":"D\u00e9couvrez l\u2019histoire et l\u2019\u00e9quipe de Sous les Tilleuls \u00e0 P\u00e9rigueux. \u00c0 propos restaurant P\u00e9rigueux : passion, cuisine bistronomique et accueil chaleureux.","og_url":"https:\/\/restaurant-souslestilleuls.fr\/en\/a-propos-restaurant-perigueux\/","article_publisher":"https:\/\/www.facebook.com\/profile.php?id=61581475965360","article_modified_time":"2025-10-17T06:58:06+00:00","og_image":[{"width":819,"height":600,"url":"https:\/\/restaurant-souslestilleuls.fr\/wp-content\/uploads\/2025\/10\/logo.jpg","type":"image\/jpeg"}],"twitter_card":"summary_large_image","twitter_misc":{"Estimated reading time":"3 minutes"},"schema":{"@context":"https:\/\/schema.org","@graph":[{"@type":"WebPage","@id":"https:\/\/restaurant-souslestilleuls.fr\/a-propos-restaurant-perigueux\/","url":"https:\/\/restaurant-souslestilleuls.fr\/a-propos-restaurant-perigueux\/","name":"A propos restaurant P\u00e9rigueux -","isPartOf":{"@id":"https:\/\/restaurant-souslestilleuls.fr\/#website"},"primaryImageOfPage":{"@id":"https:\/\/restaurant-souslestilleuls.fr\/a-propos-restaurant-perigueux\/#primaryimage"},"image":{"@id":"https:\/\/restaurant-souslestilleuls.fr\/a-propos-restaurant-perigueux\/#primaryimage"},"thumbnailUrl":"https:\/\/restaurant-souslestilleuls.fr\/wp-content\/uploads\/2025\/10\/logo.jpg","datePublished":"2025-09-09T14:56:17+00:00","dateModified":"2025-10-17T06:58:06+00:00","description":"D\u00e9couvrez l\u2019histoire et l\u2019\u00e9quipe de Sous les Tilleuls \u00e0 P\u00e9rigueux. \u00c0 propos restaurant P\u00e9rigueux : passion, cuisine bistronomique et accueil chaleureux.","breadcrumb":{"@id":"https:\/\/restaurant-souslestilleuls.fr\/a-propos-restaurant-perigueux\/#breadcrumb"},"inLanguage":"en-GB","potentialAction":[{"@type":"ReadAction","target":["https:\/\/restaurant-souslestilleuls.fr\/a-propos-restaurant-perigueux\/"]}]},{"@type":"ImageObject","inLanguage":"en-GB","@id":"https:\/\/restaurant-souslestilleuls.fr\/a-propos-restaurant-perigueux\/#primaryimage","url":"https:\/\/restaurant-souslestilleuls.fr\/wp-content\/uploads\/2025\/10\/logo.jpg","contentUrl":"https:\/\/restaurant-souslestilleuls.fr\/wp-content\/uploads\/2025\/10\/logo.jpg"},{"@type":"BreadcrumbList","@id":"https:\/\/restaurant-souslestilleuls.fr\/a-propos-restaurant-perigueux\/#breadcrumb","itemListElement":[{"@type":"ListItem","position":1,"name":"Accueil","item":"https:\/\/restaurant-souslestilleuls.fr\/"},{"@type":"ListItem","position":2,"name":"A propos restaurant P\u00e9rigueux"}]},{"@type":"WebSite","@id":"https:\/\/restaurant-souslestilleuls.fr\/#website","url":"https:\/\/restaurant-souslestilleuls.fr\/","name":"Restaurant Sous les Tilleuls","description":"Cooking like a walk under the lime trees","publisher":{"@id":"https:\/\/restaurant-souslestilleuls.fr\/#organization"},"potentialAction":[{"@type":"SearchAction","target":{"@type":"EntryPoint","urlTemplate":"https:\/\/restaurant-souslestilleuls.fr\/?s={search_term_string}"},"query-input":{"@type":"PropertyValueSpecification","valueRequired":true,"valueName":"search_term_string"}}],"inLanguage":"en-GB"},{"@type":"Organization","@id":"https:\/\/restaurant-souslestilleuls.fr\/#organization","name":"Sous les Tilleuls","url":"https:\/\/restaurant-souslestilleuls.fr\/","logo":{"@type":"ImageObject","inLanguage":"en-GB","@id":"https:\/\/restaurant-souslestilleuls.fr\/#\/schema\/logo\/image\/","url":"https:\/\/restaurant-souslestilleuls.fr\/wp-content\/uploads\/2025\/10\/logo.jpg","contentUrl":"https:\/\/restaurant-souslestilleuls.fr\/wp-content\/uploads\/2025\/10\/logo.jpg","width":819,"height":600,"caption":"Sous les Tilleuls"},"image":{"@id":"https:\/\/restaurant-souslestilleuls.fr\/#\/schema\/logo\/image\/"},"sameAs":["https:\/\/www.facebook.com\/profile.php?id=61581475965360","https:\/\/www.instagram.com\/sous.lestilleuls\/"]}]}},"_hostinger_reach_plugin_has_subscription_block":false,"_hostinger_reach_plugin_is_elementor":false,"_links":{"self":[{"href":"https:\/\/restaurant-souslestilleuls.fr\/en\/wp-json\/wp\/v2\/pages\/17","targetHints":{"allow":["GET"]}}],"collection":[{"href":"https:\/\/restaurant-souslestilleuls.fr\/en\/wp-json\/wp\/v2\/pages"}],"about":[{"href":"https:\/\/restaurant-souslestilleuls.fr\/en\/wp-json\/wp\/v2\/types\/page"}],"author":[{"embeddable":true,"href":"https:\/\/restaurant-souslestilleuls.fr\/en\/wp-json\/wp\/v2\/users\/1"}],"replies":[{"embeddable":true,"href":"https:\/\/restaurant-souslestilleuls.fr\/en\/wp-json\/wp\/v2\/comments?post=17"}],"version-history":[{"count":17,"href":"https:\/\/restaurant-souslestilleuls.fr\/en\/wp-json\/wp\/v2\/pages\/17\/revisions"}],"predecessor-version":[{"id":347,"href":"https:\/\/restaurant-souslestilleuls.fr\/en\/wp-json\/wp\/v2\/pages\/17\/revisions\/347"}],"wp:attachment":[{"href":"https:\/\/restaurant-souslestilleuls.fr\/en\/wp-json\/wp\/v2\/media?parent=17"}],"curies":[{"name":"wp","href":"https:\/\/api.w.org\/{rel}","templated":true}]}}