{"id":116,"date":"2025-09-15T09:30:16","date_gmt":"2025-09-15T09:30:16","guid":{"rendered":"https:\/\/restaurant-souslestilleuls.fr\/recrutement\/"},"modified":"2025-10-17T06:49:51","modified_gmt":"2025-10-17T06:49:51","slug":"recrutement-restaurant-perigueux","status":"publish","type":"page","link":"https:\/\/restaurant-souslestilleuls.fr\/en\/recrutement-restaurant-perigueux\/","title":{"rendered":"Recruitment restaurant Sous les Tilleuls P\u00e9rigueux"},"content":{"rendered":"<div class=\"wpcf7 no-js\" id=\"wpcf7-f120-o1\" lang=\"fr-FR\" dir=\"ltr\" data-wpcf7-id=\"120\">\n<div class=\"screen-reader-response\"><p role=\"status\" aria-live=\"polite\" aria-atomic=\"true\"><\/p> <ul><\/ul><\/div>\n<form action=\"\/en\/wp-json\/wp\/v2\/pages\/116#wpcf7-f120-o1\" method=\"post\" class=\"wpcf7-form init\" aria-label=\"Formulaire de contact\" enctype=\"multipart\/form-data\" novalidate=\"novalidate\" data-status=\"init\" data-trp-original-action=\"\/en\/wp-json\/wp\/v2\/pages\/116#wpcf7-f120-o1\">\n<fieldset class=\"hidden-fields-container\"><input type=\"hidden\" name=\"_wpcf7\" value=\"120\" \/><input type=\"hidden\" name=\"_wpcf7_version\" value=\"6.1.5\" \/><input type=\"hidden\" name=\"_wpcf7_locale\" value=\"fr_FR\" \/><input type=\"hidden\" name=\"_wpcf7_unit_tag\" value=\"wpcf7-f120-o1\" \/><input type=\"hidden\" name=\"_wpcf7_container_post\" value=\"0\" \/><input type=\"hidden\" name=\"_wpcf7_posted_data_hash\" value=\"\" \/>\n<\/fieldset>\n<div class=\"reservation-form\">\n\t<div class=\"form-row\">\n\t\t<div class=\"form-col\">\n\t\t\t<p><span class=\"wpcf7-form-control-wrap\" data-name=\"your-name\"><input size=\"40\" maxlength=\"400\" class=\"wpcf7-form-control wpcf7-text wpcf7-validates-as-required\" aria-required=\"true\" aria-invalid=\"false\" placeholder=\"First and last name\" value=\"\" type=\"text\" name=\"your-name\" \/><\/span>\n\t\t\t<\/p>\n\t\t<\/div>\n\t\t<div class=\"form-col\">\n\t\t\t<p><span class=\"wpcf7-form-control-wrap\" data-name=\"your-email\"><input size=\"40\" maxlength=\"400\" class=\"wpcf7-form-control wpcf7-email wpcf7-validates-as-required wpcf7-text wpcf7-validates-as-email\" aria-required=\"true\" aria-invalid=\"false\" placeholder=\"Email\" value=\"\" type=\"email\" name=\"your-email\" \/><\/span>\n\t\t\t<\/p>\n\t\t<\/div>\n\t<\/div>\n\t<div class=\"form-row\">\n\t\t<div class=\"form-col\">\n\t\t\t<p><span class=\"wpcf7-form-control-wrap\" data-name=\"your-position\"><input size=\"40\" maxlength=\"400\" class=\"wpcf7-form-control wpcf7-text wpcf7-validates-as-required\" aria-required=\"true\" aria-invalid=\"false\" placeholder=\"Desired position\" value=\"\" type=\"text\" name=\"your-position\" \/><\/span>\n\t\t\t<\/p>\n\t\t<\/div>\n\t\t<div class=\"form-col\">\n\t\t\t<p><span class=\"wpcf7-form-control-wrap\" data-name=\"your-phone\"><input size=\"40\" maxlength=\"400\" class=\"wpcf7-form-control wpcf7-tel wpcf7-text wpcf7-validates-as-tel\" aria-invalid=\"false\" placeholder=\"Telephone (optional)\" value=\"\" type=\"tel\" name=\"your-phone\" \/><\/span>\n\t\t\t<\/p>\n\t\t<\/div>\n\t<\/div>\n\t<div class=\"form-row\">\n\t\t<div class=\"form-col\" style=\"flex:1 1 100%;\">\n\t\t\t<p><span class=\"wpcf7-form-control-wrap\" data-name=\"your-message\"><textarea cols=\"40\" rows=\"10\" maxlength=\"2000\" class=\"wpcf7-form-control wpcf7-textarea wpcf7-validates-as-required\" aria-required=\"true\" aria-invalid=\"false\" placeholder=\"Message \/ CV\" name=\"your-message\"><\/textarea><\/span>\n\t\t\t<\/p>\n\t\t<\/div>\n\t<\/div>\n\t<div class=\"form-row\">\n\t\t<div class=\"form-col\" style=\"flex:1 1 100%;\">\n\t\t\t<p><span class=\"wpcf7-form-control-wrap\" data-name=\"your-file\"><input size=\"40\" class=\"wpcf7-form-control wpcf7-file wpcf7-validates-as-required\" accept=\".pdf,.doc,.docx,.jpg,.png\" aria-required=\"true\" aria-invalid=\"false\" type=\"file\" name=\"your-file\" \/><\/span>\n\t\t\t<\/p>\n\t\t<\/div>\n\t<\/div>\n\t<div class=\"submit-wrap\">\n\t\t<p><input class=\"wpcf7-form-control wpcf7-submit has-spinner\" type=\"submit\" value=\"Send\" \/>\n\t\t<\/p>\n\t<\/div>\n<\/div><p style=\"display: none !important;\" class=\"akismet-fields-container\" data-prefix=\"_wpcf7_ak_\"><label>\u0394<textarea name=\"_wpcf7_ak_hp_textarea\" cols=\"45\" rows=\"8\" maxlength=\"100\"><\/textarea><\/label><input type=\"hidden\" id=\"ak_js_1\" name=\"_wpcf7_ak_js\" value=\"193\"\/><script>document.getElementById( \"ak_js_1\" ).setAttribute( \"value\", ( new Date() ).getTime() );<\/script><\/p><input type='hidden' class='wpcf7-pum' value='{\"closepopup\":false,\"closedelay\":0,\"openpopup\":false,\"openpopup_id\":0}' \/><div class=\"wpcf7-response-output\" aria-hidden=\"true\"><\/div>\n<input type=\"hidden\" name=\"trp-form-language\" value=\"en\"\/><\/form>\n<\/div>","protected":false},"excerpt":{"rendered":"","protected":false},"author":1,"featured_media":0,"parent":0,"menu_order":0,"comment_status":"closed","ping_status":"closed","template":"","meta":{"footnotes":""},"class_list":["post-116","page","type-page","status-publish","hentry"],"yoast_head":"<!-- This site is optimized with the Yoast SEO plugin v27.2 - https:\/\/yoast.com\/product\/yoast-seo-wordpress\/ -->\n<title>Recrutement restaurant Sous les Tilleuls P\u00e9rigueux -<\/title>\n<meta name=\"description\" content=\"Rejoignez notre \u00e9quipe ! Recrutement restaurant Sous les Tilleuls \u00e0 P\u00e9rigueux : postulez d\u00e8s maintenant via notre formulaire en ligne.\" \/>\n<meta name=\"robots\" content=\"index, follow, max-snippet:-1, max-image-preview:large, max-video-preview:-1\" \/>\n<link rel=\"canonical\" href=\"https:\/\/restaurant-souslestilleuls.fr\/en\/recrutement-restaurant-perigueux\/\" \/>\n<meta property=\"og:locale\" content=\"en_GB\" \/>\n<meta property=\"og:type\" content=\"article\" \/>\n<meta property=\"og:title\" content=\"Recrutement restaurant Sous les Tilleuls P\u00e9rigueux -\" \/>\n<meta property=\"og:description\" content=\"Rejoignez notre \u00e9quipe ! Recrutement restaurant Sous les Tilleuls \u00e0 P\u00e9rigueux : postulez d\u00e8s maintenant via notre formulaire en ligne.\" \/>\n<meta property=\"og:url\" content=\"https:\/\/restaurant-souslestilleuls.fr\/en\/recrutement-restaurant-perigueux\/\" \/>\n<meta property=\"article:publisher\" content=\"https:\/\/www.facebook.com\/profile.php?id=61581475965360\" \/>\n<meta property=\"article:modified_time\" content=\"2025-10-17T06:49:51+00:00\" \/>\n<meta name=\"twitter:card\" content=\"summary_large_image\" \/>\n<meta name=\"twitter:label1\" content=\"Estimated reading time\" \/>\n\t<meta name=\"twitter:data1\" content=\"1 minute\" \/>\n<script type=\"application\/ld+json\" class=\"yoast-schema-graph\">{\"@context\":\"https:\/\/schema.org\",\"@graph\":[{\"@type\":\"WebPage\",\"@id\":\"https:\/\/restaurant-souslestilleuls.fr\/recrutement-restaurant-perigueux\/\",\"url\":\"https:\/\/restaurant-souslestilleuls.fr\/recrutement-restaurant-perigueux\/\",\"name\":\"Recrutement restaurant Sous les Tilleuls P\u00e9rigueux -\",\"isPartOf\":{\"@id\":\"https:\/\/restaurant-souslestilleuls.fr\/#website\"},\"datePublished\":\"2025-09-15T09:30:16+00:00\",\"dateModified\":\"2025-10-17T06:49:51+00:00\",\"description\":\"Rejoignez notre \u00e9quipe ! Recrutement restaurant Sous les Tilleuls \u00e0 P\u00e9rigueux : postulez d\u00e8s maintenant via notre formulaire en ligne.\",\"breadcrumb\":{\"@id\":\"https:\/\/restaurant-souslestilleuls.fr\/recrutement-restaurant-perigueux\/#breadcrumb\"},\"inLanguage\":\"en-GB\",\"potentialAction\":[{\"@type\":\"ReadAction\",\"target\":[\"https:\/\/restaurant-souslestilleuls.fr\/recrutement-restaurant-perigueux\/\"]}]},{\"@type\":\"BreadcrumbList\",\"@id\":\"https:\/\/restaurant-souslestilleuls.fr\/recrutement-restaurant-perigueux\/#breadcrumb\",\"itemListElement\":[{\"@type\":\"ListItem\",\"position\":1,\"name\":\"Accueil\",\"item\":\"https:\/\/restaurant-souslestilleuls.fr\/\"},{\"@type\":\"ListItem\",\"position\":2,\"name\":\"Recrutement restaurant Sous les Tilleuls P\u00e9rigueux\"}]},{\"@type\":\"WebSite\",\"@id\":\"https:\/\/restaurant-souslestilleuls.fr\/#website\",\"url\":\"https:\/\/restaurant-souslestilleuls.fr\/\",\"name\":\"Restaurant Sous les Tilleuls\",\"description\":\"La cuisine comme une balade sous les tilleuls\",\"publisher\":{\"@id\":\"https:\/\/restaurant-souslestilleuls.fr\/#organization\"},\"potentialAction\":[{\"@type\":\"SearchAction\",\"target\":{\"@type\":\"EntryPoint\",\"urlTemplate\":\"https:\/\/restaurant-souslestilleuls.fr\/?s={search_term_string}\"},\"query-input\":{\"@type\":\"PropertyValueSpecification\",\"valueRequired\":true,\"valueName\":\"search_term_string\"}}],\"inLanguage\":\"en-GB\"},{\"@type\":\"Organization\",\"@id\":\"https:\/\/restaurant-souslestilleuls.fr\/#organization\",\"name\":\"Sous les Tilleuls\",\"url\":\"https:\/\/restaurant-souslestilleuls.fr\/\",\"logo\":{\"@type\":\"ImageObject\",\"inLanguage\":\"en-GB\",\"@id\":\"https:\/\/restaurant-souslestilleuls.fr\/#\/schema\/logo\/image\/\",\"url\":\"https:\/\/restaurant-souslestilleuls.fr\/wp-content\/uploads\/2025\/10\/logo.jpg\",\"contentUrl\":\"https:\/\/restaurant-souslestilleuls.fr\/wp-content\/uploads\/2025\/10\/logo.jpg\",\"width\":819,\"height\":600,\"caption\":\"Sous les Tilleuls\"},\"image\":{\"@id\":\"https:\/\/restaurant-souslestilleuls.fr\/#\/schema\/logo\/image\/\"},\"sameAs\":[\"https:\/\/www.facebook.com\/profile.php?id=61581475965360\",\"https:\/\/www.instagram.com\/sous.lestilleuls\/\"]}]}<\/script>\n<!-- \/ Yoast SEO plugin. -->","yoast_head_json":{"title":"Recrutement restaurant Sous les Tilleuls P\u00e9rigueux -","description":"Rejoignez notre \u00e9quipe ! Recrutement restaurant Sous les Tilleuls \u00e0 P\u00e9rigueux : postulez d\u00e8s maintenant via notre formulaire en ligne.","robots":{"index":"index","follow":"follow","max-snippet":"max-snippet:-1","max-image-preview":"max-image-preview:large","max-video-preview":"max-video-preview:-1"},"canonical":"https:\/\/restaurant-souslestilleuls.fr\/en\/recrutement-restaurant-perigueux\/","og_locale":"en_GB","og_type":"article","og_title":"Recrutement restaurant Sous les Tilleuls P\u00e9rigueux -","og_description":"Rejoignez notre \u00e9quipe ! Recrutement restaurant Sous les Tilleuls \u00e0 P\u00e9rigueux : postulez d\u00e8s maintenant via notre formulaire en ligne.","og_url":"https:\/\/restaurant-souslestilleuls.fr\/en\/recrutement-restaurant-perigueux\/","article_publisher":"https:\/\/www.facebook.com\/profile.php?id=61581475965360","article_modified_time":"2025-10-17T06:49:51+00:00","twitter_card":"summary_large_image","twitter_misc":{"Estimated reading time":"1 minute"},"schema":{"@context":"https:\/\/schema.org","@graph":[{"@type":"WebPage","@id":"https:\/\/restaurant-souslestilleuls.fr\/recrutement-restaurant-perigueux\/","url":"https:\/\/restaurant-souslestilleuls.fr\/recrutement-restaurant-perigueux\/","name":"Recrutement restaurant Sous les Tilleuls P\u00e9rigueux -","isPartOf":{"@id":"https:\/\/restaurant-souslestilleuls.fr\/#website"},"datePublished":"2025-09-15T09:30:16+00:00","dateModified":"2025-10-17T06:49:51+00:00","description":"Rejoignez notre \u00e9quipe ! Recrutement restaurant Sous les Tilleuls \u00e0 P\u00e9rigueux : postulez d\u00e8s maintenant via notre formulaire en ligne.","breadcrumb":{"@id":"https:\/\/restaurant-souslestilleuls.fr\/recrutement-restaurant-perigueux\/#breadcrumb"},"inLanguage":"en-GB","potentialAction":[{"@type":"ReadAction","target":["https:\/\/restaurant-souslestilleuls.fr\/recrutement-restaurant-perigueux\/"]}]},{"@type":"BreadcrumbList","@id":"https:\/\/restaurant-souslestilleuls.fr\/recrutement-restaurant-perigueux\/#breadcrumb","itemListElement":[{"@type":"ListItem","position":1,"name":"Accueil","item":"https:\/\/restaurant-souslestilleuls.fr\/"},{"@type":"ListItem","position":2,"name":"Recrutement restaurant Sous les Tilleuls P\u00e9rigueux"}]},{"@type":"WebSite","@id":"https:\/\/restaurant-souslestilleuls.fr\/#website","url":"https:\/\/restaurant-souslestilleuls.fr\/","name":"Restaurant Sous les Tilleuls","description":"Cooking like a walk under the lime trees","publisher":{"@id":"https:\/\/restaurant-souslestilleuls.fr\/#organization"},"potentialAction":[{"@type":"SearchAction","target":{"@type":"EntryPoint","urlTemplate":"https:\/\/restaurant-souslestilleuls.fr\/?s={search_term_string}"},"query-input":{"@type":"PropertyValueSpecification","valueRequired":true,"valueName":"search_term_string"}}],"inLanguage":"en-GB"},{"@type":"Organization","@id":"https:\/\/restaurant-souslestilleuls.fr\/#organization","name":"Sous les Tilleuls","url":"https:\/\/restaurant-souslestilleuls.fr\/","logo":{"@type":"ImageObject","inLanguage":"en-GB","@id":"https:\/\/restaurant-souslestilleuls.fr\/#\/schema\/logo\/image\/","url":"https:\/\/restaurant-souslestilleuls.fr\/wp-content\/uploads\/2025\/10\/logo.jpg","contentUrl":"https:\/\/restaurant-souslestilleuls.fr\/wp-content\/uploads\/2025\/10\/logo.jpg","width":819,"height":600,"caption":"Sous les Tilleuls"},"image":{"@id":"https:\/\/restaurant-souslestilleuls.fr\/#\/schema\/logo\/image\/"},"sameAs":["https:\/\/www.facebook.com\/profile.php?id=61581475965360","https:\/\/www.instagram.com\/sous.lestilleuls\/"]}]}},"_hostinger_reach_plugin_has_subscription_block":false,"_hostinger_reach_plugin_is_elementor":false,"_links":{"self":[{"href":"https:\/\/restaurant-souslestilleuls.fr\/en\/wp-json\/wp\/v2\/pages\/116","targetHints":{"allow":["GET"]}}],"collection":[{"href":"https:\/\/restaurant-souslestilleuls.fr\/en\/wp-json\/wp\/v2\/pages"}],"about":[{"href":"https:\/\/restaurant-souslestilleuls.fr\/en\/wp-json\/wp\/v2\/types\/page"}],"author":[{"embeddable":true,"href":"https:\/\/restaurant-souslestilleuls.fr\/en\/wp-json\/wp\/v2\/users\/1"}],"replies":[{"embeddable":true,"href":"https:\/\/restaurant-souslestilleuls.fr\/en\/wp-json\/wp\/v2\/comments?post=116"}],"version-history":[{"count":3,"href":"https:\/\/restaurant-souslestilleuls.fr\/en\/wp-json\/wp\/v2\/pages\/116\/revisions"}],"predecessor-version":[{"id":341,"href":"https:\/\/restaurant-souslestilleuls.fr\/en\/wp-json\/wp\/v2\/pages\/116\/revisions\/341"}],"wp:attachment":[{"href":"https:\/\/restaurant-souslestilleuls.fr\/en\/wp-json\/wp\/v2\/media?parent=116"}],"curies":[{"name":"wp","href":"https:\/\/api.w.org\/{rel}","templated":true}]}}